{"id":3191,"date":"2025-09-22T08:04:31","date_gmt":"2025-09-22T06:04:31","guid":{"rendered":"https:\/\/nussbaum-yoga.com\/aviso-legal\/"},"modified":"2026-04-20T11:42:49","modified_gmt":"2026-04-20T09:42:49","slug":"aviso-legal","status":"publish","type":"page","link":"https:\/\/nussbaum-yoga.com\/es\/aviso-legal\/","title":{"rendered":"Aviso Legal"},"content":{"rendered":"\t\t<div data-elementor-type=\"wp-page\" data-elementor-id=\"3191\" class=\"elementor elementor-3191 elementor-2522\" data-elementor-post-type=\"page\">\n\t\t\t\t<div class=\"elementor-element elementor-element-01765a0 e-flex e-con-boxed e-con e-parent\" data-id=\"01765a0\" data-element_type=\"container\" data-e-type=\"container\">\n\t\t\t\t\t<div class=\"e-con-inner\">\n\t\t\t\t<div class=\"elementor-element elementor-element-4e2c2ac elementor-widget elementor-widget-spacer\" data-id=\"4e2c2ac\" data-element_type=\"widget\" data-e-type=\"widget\" data-widget_type=\"spacer.default\">\n\t\t\t\t<div class=\"elementor-widget-container\">\n\t\t\t\t\t\t\t<div class=\"elementor-spacer\">\n\t\t\t<div class=\"elementor-spacer-inner\"><\/div>\n\t\t<\/div>\n\t\t\t\t\t\t<\/div>\n\t\t\t\t<\/div>\n\t\t\t\t\t<\/div>\n\t\t\t\t<\/div>\n\t\t<div class=\"elementor-element elementor-element-5f194da e-flex e-con-boxed e-con e-parent\" data-id=\"5f194da\" data-element_type=\"container\" data-e-type=\"container\">\n\t\t\t\t\t<div class=\"e-con-inner\">\n\t\t\t\t<div class=\"elementor-element elementor-element-0a8f461 elementor-widget elementor-widget-text-editor\" data-id=\"0a8f461\" data-element_type=\"widget\" data-e-type=\"widget\" data-widget_type=\"text-editor.default\">\n\t\t\t\t<div class=\"elementor-widget-container\">\n\t\t\t\t\t\t\t\t\t<p>Aviso Legal:<\/p><p>Nussbaum Yoga<br \/>Carrer de Ca s&#8217;Hereu 27<br \/>07560 Cala Millor<\/p><p>Contacto<br \/>Tel\u00e9fono: +34 601 803 555<br \/>Correo electr\u00f3nico: info@nussbaum-yoga.com<\/p><p>NIF<br \/>ESB27649102<\/p><p>Resoluci\u00f3n de litigios de consumo\/Plataforma de resoluci\u00f3n de litigios universal<br \/>No estamos dispuestos ni obligados a participar en procedimientos de resoluci\u00f3n de litigios ante una junta arbitral de consumo.<\/p>\t\t\t\t\t\t\t\t<\/div>\n\t\t\t\t<\/div>\n\t\t\t\t\t<\/div>\n\t\t\t\t<\/div>\n\t\t<div class=\"elementor-element elementor-element-2e54de4 e-flex e-con-boxed e-con e-parent\" data-id=\"2e54de4\" data-element_type=\"container\" data-e-type=\"container\">\n\t\t\t\t\t<div class=\"e-con-inner\">\n\t\t\t\t<div class=\"elementor-element elementor-element-86c7cbf elementor-widget elementor-widget-spacer\" data-id=\"86c7cbf\" data-element_type=\"widget\" data-e-type=\"widget\" data-widget_type=\"spacer.default\">\n\t\t\t\t<div class=\"elementor-widget-container\">\n\t\t\t\t\t\t\t<div class=\"elementor-spacer\">\n\t\t\t<div class=\"elementor-spacer-inner\"><\/div>\n\t\t<\/div>\n\t\t\t\t\t\t<\/div>\n\t\t\t\t<\/div>\n\t\t\t\t\t<\/div>\n\t\t\t\t<\/div>\n\t\t\t\t<\/div>\n\t\t","protected":false},"excerpt":{"rendered":"<p>Aviso Legal: Nussbaum YogaCarrer de Ca s&#8217;Hereu 2707560 Cala Millor ContactoTel\u00e9fono: +34 601 803 555Correo electr\u00f3nico: info@nussbaum-yoga.com NIFESB27649102 Resoluci\u00f3n de [&hellip;]<\/p>\n","protected":false},"author":1,"featured_media":0,"parent":0,"menu_order":0,"comment_status":"closed","ping_status":"closed","template":"","meta":{"site-sidebar-layout":"no-sidebar","site-content-layout":"","ast-site-content-layout":"full-width-container","site-content-style":"default","site-sidebar-style":"default","ast-global-header-display":"","ast-banner-title-visibility":"","ast-main-header-display":"","ast-hfb-above-header-display":"","ast-hfb-below-header-display":"","ast-hfb-mobile-header-display":"","site-post-title":"","ast-breadcrumbs-content":"","ast-featured-img":"disabled","footer-sml-layout":"","ast-disable-related-posts":"","theme-transparent-header-meta":"","adv-header-id-meta":"","stick-header-meta":"","header-above-stick-meta":"","header-main-stick-meta":"","header-below-stick-meta":"","astra-migrate-meta-layouts":"default","ast-page-background-enabled":"default","ast-page-background-meta":{"desktop":{"background-color":"var(--ast-global-color-4)","background-image":"","background-repeat":"repeat","background-position":"center center","background-size":"auto","background-attachment":"scroll","background-type":"","background-media":"","overlay-type":"","overlay-color":"","overlay-opacity":"","overlay-gradient":""},"tablet":{"background-color":"","background-image":"","background-repeat":"repeat","background-position":"center center","background-size":"auto","background-attachment":"scroll","background-type":"","background-media":"","overlay-type":"","overlay-color":"","overlay-opacity":"","overlay-gradient":""},"mobile":{"background-color":"","background-image":"","background-repeat":"repeat","background-position":"center center","background-size":"auto","background-attachment":"scroll","background-type":"","background-media":"","overlay-type":"","overlay-color":"","overlay-opacity":"","overlay-gradient":""}},"ast-content-background-meta":{"desktop":{"background-color":"var(--ast-global-color-5)","background-image":"","background-repeat":"repeat","background-position":"center center","background-size":"auto","background-attachment":"scroll","background-type":"","background-media":"","overlay-type":"","overlay-color":"","overlay-opacity":"","overlay-gradient":""},"tablet":{"background-color":"var(--ast-global-color-5)","background-image":"","background-repeat":"repeat","background-position":"center center","background-size":"auto","background-attachment":"scroll","background-type":"","background-media":"","overlay-type":"","overlay-color":"","overlay-opacity":"","overlay-gradient":""},"mobile":{"background-color":"var(--ast-global-color-5)","background-image":"","background-repeat":"repeat","background-position":"center center","background-size":"auto","background-attachment":"scroll","background-type":"","background-media":"","overlay-type":"","overlay-color":"","overlay-opacity":"","overlay-gradient":""}},"footnotes":""},"class_list":["post-3191","page","type-page","status-publish","hentry"],"yoast_head":"<!-- This site is optimized with the Yoast SEO plugin v27.3 - https:\/\/yoast.com\/product\/yoast-seo-wordpress\/ -->\n<title>Aviso Legal - Nussbaum Yoga<\/title>\n<meta name=\"robots\" content=\"noindex, follow\" \/>\n<meta property=\"og:locale\" content=\"es_ES\" \/>\n<meta property=\"og:type\" content=\"article\" \/>\n<meta property=\"og:title\" content=\"Aviso Legal - Nussbaum Yoga\" \/>\n<meta property=\"og:description\" content=\"Aviso Legal: Nussbaum YogaCarrer de Ca s&#8217;Hereu 2707560 Cala Millor ContactoTel\u00e9fono: +34 601 803 555Correo electr\u00f3nico: info@nussbaum-yoga.com NIFESB27649102 Resoluci\u00f3n de [&hellip;]\" \/>\n<meta property=\"og:url\" content=\"https:\/\/nussbaum-yoga.com\/es\/aviso-legal\/\" \/>\n<meta property=\"og:site_name\" content=\"Nussbaum Yoga\" \/>\n<meta property=\"article:modified_time\" content=\"2026-04-20T09:42:49+00:00\" \/>\n<meta name=\"twitter:card\" content=\"summary_large_image\" \/>\n<meta name=\"twitter:label1\" content=\"Tiempo de lectura\" \/>\n\t<meta name=\"twitter:data1\" content=\"1 minuto\" \/>\n<script type=\"application\/ld+json\" class=\"yoast-schema-graph\">{\"@context\":\"https:\\\/\\\/schema.org\",\"@graph\":[{\"@type\":\"WebPage\",\"@id\":\"https:\\\/\\\/nussbaum-yoga.com\\\/es\\\/aviso-legal\\\/\",\"url\":\"https:\\\/\\\/nussbaum-yoga.com\\\/es\\\/aviso-legal\\\/\",\"name\":\"Aviso Legal - Nussbaum Yoga\",\"isPartOf\":{\"@id\":\"https:\\\/\\\/nussbaum-yoga.com\\\/es\\\/#website\"},\"datePublished\":\"2025-09-22T06:04:31+00:00\",\"dateModified\":\"2026-04-20T09:42:49+00:00\",\"breadcrumb\":{\"@id\":\"https:\\\/\\\/nussbaum-yoga.com\\\/es\\\/aviso-legal\\\/#breadcrumb\"},\"inLanguage\":\"es\",\"potentialAction\":[{\"@type\":\"ReadAction\",\"target\":[\"https:\\\/\\\/nussbaum-yoga.com\\\/es\\\/aviso-legal\\\/\"]}]},{\"@type\":\"BreadcrumbList\",\"@id\":\"https:\\\/\\\/nussbaum-yoga.com\\\/es\\\/aviso-legal\\\/#breadcrumb\",\"itemListElement\":[{\"@type\":\"ListItem\",\"position\":1,\"name\":\"Startseite\",\"item\":\"https:\\\/\\\/nussbaum-yoga.com\\\/es\\\/inicio\\\/\"},{\"@type\":\"ListItem\",\"position\":2,\"name\":\"Aviso Legal\"}]},{\"@type\":\"WebSite\",\"@id\":\"https:\\\/\\\/nussbaum-yoga.com\\\/es\\\/#website\",\"url\":\"https:\\\/\\\/nussbaum-yoga.com\\\/es\\\/\",\"name\":\"Nussbaum Yoga\",\"description\":\"Dein Yoga-Studio in Cala Millor\",\"publisher\":{\"@id\":\"https:\\\/\\\/nussbaum-yoga.com\\\/es\\\/#organization\"},\"potentialAction\":[{\"@type\":\"SearchAction\",\"target\":{\"@type\":\"EntryPoint\",\"urlTemplate\":\"https:\\\/\\\/nussbaum-yoga.com\\\/es\\\/?s={search_term_string}\"},\"query-input\":{\"@type\":\"PropertyValueSpecification\",\"valueRequired\":true,\"valueName\":\"search_term_string\"}}],\"inLanguage\":\"es\"},{\"@type\":\"Organization\",\"@id\":\"https:\\\/\\\/nussbaum-yoga.com\\\/es\\\/#organization\",\"name\":\"Nussbaum Yoga\",\"url\":\"https:\\\/\\\/nussbaum-yoga.com\\\/es\\\/\",\"logo\":{\"@type\":\"ImageObject\",\"inLanguage\":\"es\",\"@id\":\"https:\\\/\\\/nussbaum-yoga.com\\\/es\\\/#\\\/schema\\\/logo\\\/image\\\/\",\"url\":\"https:\\\/\\\/nussbaum-yoga.com\\\/wp-content\\\/uploads\\\/2025\\\/08\\\/cropped-cropped-cropped-cropped-Design-ohne-Titel-7.png\",\"contentUrl\":\"https:\\\/\\\/nussbaum-yoga.com\\\/wp-content\\\/uploads\\\/2025\\\/08\\\/cropped-cropped-cropped-cropped-Design-ohne-Titel-7.png\",\"width\":512,\"height\":512,\"caption\":\"Nussbaum Yoga\"},\"image\":{\"@id\":\"https:\\\/\\\/nussbaum-yoga.com\\\/es\\\/#\\\/schema\\\/logo\\\/image\\\/\"}}]}<\/script>\n<!-- \/ Yoast SEO plugin. -->","yoast_head_json":{"title":"Aviso Legal - Nussbaum Yoga","robots":{"index":"noindex","follow":"follow"},"og_locale":"es_ES","og_type":"article","og_title":"Aviso Legal - Nussbaum Yoga","og_description":"Aviso Legal: Nussbaum YogaCarrer de Ca s&#8217;Hereu 2707560 Cala Millor ContactoTel\u00e9fono: +34 601 803 555Correo electr\u00f3nico: info@nussbaum-yoga.com NIFESB27649102 Resoluci\u00f3n de [&hellip;]","og_url":"https:\/\/nussbaum-yoga.com\/es\/aviso-legal\/","og_site_name":"Nussbaum Yoga","article_modified_time":"2026-04-20T09:42:49+00:00","twitter_card":"summary_large_image","twitter_misc":{"Tiempo de lectura":"1 minuto"},"schema":{"@context":"https:\/\/schema.org","@graph":[{"@type":"WebPage","@id":"https:\/\/nussbaum-yoga.com\/es\/aviso-legal\/","url":"https:\/\/nussbaum-yoga.com\/es\/aviso-legal\/","name":"Aviso Legal - Nussbaum Yoga","isPartOf":{"@id":"https:\/\/nussbaum-yoga.com\/es\/#website"},"datePublished":"2025-09-22T06:04:31+00:00","dateModified":"2026-04-20T09:42:49+00:00","breadcrumb":{"@id":"https:\/\/nussbaum-yoga.com\/es\/aviso-legal\/#breadcrumb"},"inLanguage":"es","potentialAction":[{"@type":"ReadAction","target":["https:\/\/nussbaum-yoga.com\/es\/aviso-legal\/"]}]},{"@type":"BreadcrumbList","@id":"https:\/\/nussbaum-yoga.com\/es\/aviso-legal\/#breadcrumb","itemListElement":[{"@type":"ListItem","position":1,"name":"Startseite","item":"https:\/\/nussbaum-yoga.com\/es\/inicio\/"},{"@type":"ListItem","position":2,"name":"Aviso Legal"}]},{"@type":"WebSite","@id":"https:\/\/nussbaum-yoga.com\/es\/#website","url":"https:\/\/nussbaum-yoga.com\/es\/","name":"Nussbaum Yoga","description":"Dein Yoga-Studio in Cala Millor","publisher":{"@id":"https:\/\/nussbaum-yoga.com\/es\/#organization"},"potentialAction":[{"@type":"SearchAction","target":{"@type":"EntryPoint","urlTemplate":"https:\/\/nussbaum-yoga.com\/es\/?s={search_term_string}"},"query-input":{"@type":"PropertyValueSpecification","valueRequired":true,"valueName":"search_term_string"}}],"inLanguage":"es"},{"@type":"Organization","@id":"https:\/\/nussbaum-yoga.com\/es\/#organization","name":"Nussbaum Yoga","url":"https:\/\/nussbaum-yoga.com\/es\/","logo":{"@type":"ImageObject","inLanguage":"es","@id":"https:\/\/nussbaum-yoga.com\/es\/#\/schema\/logo\/image\/","url":"https:\/\/nussbaum-yoga.com\/wp-content\/uploads\/2025\/08\/cropped-cropped-cropped-cropped-Design-ohne-Titel-7.png","contentUrl":"https:\/\/nussbaum-yoga.com\/wp-content\/uploads\/2025\/08\/cropped-cropped-cropped-cropped-Design-ohne-Titel-7.png","width":512,"height":512,"caption":"Nussbaum Yoga"},"image":{"@id":"https:\/\/nussbaum-yoga.com\/es\/#\/schema\/logo\/image\/"}}]}},"_links":{"self":[{"href":"https:\/\/nussbaum-yoga.com\/es\/wp-json\/wp\/v2\/pages\/3191","targetHints":{"allow":["GET"]}}],"collection":[{"href":"https:\/\/nussbaum-yoga.com\/es\/wp-json\/wp\/v2\/pages"}],"about":[{"href":"https:\/\/nussbaum-yoga.com\/es\/wp-json\/wp\/v2\/types\/page"}],"author":[{"embeddable":true,"href":"https:\/\/nussbaum-yoga.com\/es\/wp-json\/wp\/v2\/users\/1"}],"replies":[{"embeddable":true,"href":"https:\/\/nussbaum-yoga.com\/es\/wp-json\/wp\/v2\/comments?post=3191"}],"version-history":[{"count":4,"href":"https:\/\/nussbaum-yoga.com\/es\/wp-json\/wp\/v2\/pages\/3191\/revisions"}],"predecessor-version":[{"id":3336,"href":"https:\/\/nussbaum-yoga.com\/es\/wp-json\/wp\/v2\/pages\/3191\/revisions\/3336"}],"wp:attachment":[{"href":"https:\/\/nussbaum-yoga.com\/es\/wp-json\/wp\/v2\/media?parent=3191"}],"curies":[{"name":"wp","href":"https:\/\/api.w.org\/{rel}","templated":true}]}}